{"id":72,"date":"2011-06-25T15:35:57","date_gmt":"2011-06-25T13:35:57","guid":{"rendered":"http:\/\/www.theobouzige.fr\/sfv\/?page_id=72"},"modified":"2011-06-25T15:35:57","modified_gmt":"2011-06-25T13:35:57","slug":"les-fous-du-vierzon","status":"publish","type":"page","link":"https:\/\/www.theobouzige.fr\/sfv\/livres-sur-les-sfv\/les-fous-du-vierzon\/","title":{"rendered":"Les fous du Vierzon"},"content":{"rendered":"<p><a href=\"http:\/\/www.theobouzige.fr\/sfv\/wp-content\/uploads\/2011\/06\/9782350080277FS.gif\"><img loading=\"lazy\" decoding=\"async\" class=\"size-full wp-image-66 alignleft\" title=\"Les fous du Vierzon\" src=\"http:\/\/www.theobouzige.fr\/sfv\/wp-content\/uploads\/2011\/06\/9782350080277FS.gif\" alt=\"\" width=\"422\" height=\"475\" \/><\/a><\/p>\n<div>Auteur : R\u00e9my Beurion<\/div>\n<div id=\"presentation\">Reli\u00e9<\/div>\n<div id=\"dtparu\">\n<div id=\"libdtparu\">Paru le\u00a0: 19\/11\/2009<\/div>\n<\/div>\n<div id=\"ctl00_ContentPlaceHolder1_ucDetailLivre_pEditeur\">\n<div id=\"libeditr\">\u00c9diteur\u00a0:\u00a0Castor et Pollux<\/div>\n<\/div>\n<div id=\"isbn\">\n<div id=\"libisbn\">ISBN\u00a0: 978-2-350-08027-7<\/div>\n<\/div>\n<div id=\"ean\">\n<div id=\"libean\">EAN\u00a0: 9782350080277<\/div>\n<\/div>\n<div id=\"ctl00_ContentPlaceHolder1_ucDetailLivre_pNbPages\">\n<div id=\"libnbpage\">Nb. de pages\u00a0: 267 pages<\/div>\n<\/div>\n<div id=\"ctl00_ContentPlaceHolder1_ucDetailLivre_pPoids\">\n<div id=\"libpoids\">Poids\u00a0: 915 g<\/div>\n<\/div>\n<div id=\"ctl00_ContentPlaceHolder1_ucDetailLivre_pDimensions\">\n<div id=\"libdimension\">Dimensions\u00a0: 17,7cm x 19,7cm x 3,5cm<\/div>\n<div>R\u00e9sum\u00e9 :\u00a0402-551-202&#8230;<br \/>\nLes noms du tracteur vert et jaune sonnent comme une po\u00e9sie m\u00e9canique aux oreilles de toutes les g\u00e9n\u00e9rations. La l\u00e9gende dit d&rsquo;ailleurs que lorsqu&rsquo;on a entendu le bruit d&rsquo;un Vierzon une fois, on ne l&rsquo;oublie plus. Tous les fous du Vierzon le tutoient et nous racontent avec \u00e9motion l&rsquo;arriv\u00e9e du premier tracteur, le d\u00e9marrage au chalumeau, le rougeoiement de la boule chaude et le plaisir de retrouver le fameux monocylindre Fran\u00e7ais.<\/div>\n<\/div>\n","protected":false},"excerpt":{"rendered":"<p>Auteur : R\u00e9my Beurion Reli\u00e9 Paru le\u00a0: 19\/11\/2009 \u00c9diteur\u00a0:\u00a0Castor et Pollux ISBN\u00a0: 978-2-350-08027-7 EAN\u00a0: 9782350080277&#8230;<\/p>\n<div class=\"more-link-wrapper\"><a class=\"more-link\" href=\"https:\/\/www.theobouzige.fr\/sfv\/livres-sur-les-sfv\/les-fous-du-vierzon\/\">Read the post<span class=\"screen-reader-text\">Les fous du Vierzon<\/span><\/a><\/div>\n","protected":false},"author":1,"featured_media":0,"parent":45,"menu_order":0,"comment_status":"open","ping_status":"open","template":"","meta":{"footnotes":""},"class_list":["post-72","page","type-page","status-publish","hentry","excerpt","zoom","full-without-featured","even","excerpt-0"],"_links":{"self":[{"href":"https:\/\/www.theobouzige.fr\/sfv\/wp-json\/wp\/v2\/pages\/72"}],"collection":[{"href":"https:\/\/www.theobouzige.fr\/sfv\/wp-json\/wp\/v2\/pages"}],"about":[{"href":"https:\/\/www.theobouzige.fr\/sfv\/wp-json\/wp\/v2\/types\/page"}],"author":[{"embeddable":true,"href":"https:\/\/www.theobouzige.fr\/sfv\/wp-json\/wp\/v2\/users\/1"}],"replies":[{"embeddable":true,"href":"https:\/\/www.theobouzige.fr\/sfv\/wp-json\/wp\/v2\/comments?post=72"}],"version-history":[{"count":0,"href":"https:\/\/www.theobouzige.fr\/sfv\/wp-json\/wp\/v2\/pages\/72\/revisions"}],"up":[{"embeddable":true,"href":"https:\/\/www.theobouzige.fr\/sfv\/wp-json\/wp\/v2\/pages\/45"}],"wp:attachment":[{"href":"https:\/\/www.theobouzige.fr\/sfv\/wp-json\/wp\/v2\/media?parent=72"}],"curies":[{"name":"wp","href":"https:\/\/api.w.org\/{rel}","templated":true}]}}